{"id":9,"date":"2014-07-01T11:17:33","date_gmt":"2014-07-01T09:17:33","guid":{"rendered":"http:\/\/wordpress.anglergemeinschaft-gd.de\/?page_id=9"},"modified":"2023-01-08T14:48:35","modified_gmt":"2023-01-08T12:48:35","slug":"verein","status":"publish","type":"page","link":"https:\/\/www.anglergemeinschaft-gd.de\/?page_id=9","title":{"rendered":"Verein"},"content":{"rendered":"<h2>Unser Verein<\/h2>\n<p>1982 wurde der Verein als Gemeinschaft von\u00a0Anglerfreunden gegr\u00fcndet.<br \/>\nGegenw\u00e4rtig z\u00e4hlen wir 85 Mitglieder (Stand: 01.12.2022),<br \/>\ndavon sind 40 aktive Angler,37 passive Mitglieder und 8 Jungangler.<br \/>\nUnser Verein ist Mitglied im Fischereiverband Unterfranken.<\/p>\n<h2>Unsere Ziele<\/h2>\n<p>Der Verein verfolgt ausschlie\u00dflich gemeinn\u00fctzige Zwecke. Diese liegen insbesondere im Schutz und in der Pflege der Natur, der Erhaltung unserer Gew\u00e4sser in ihrem nat\u00fcrlichen Zustand und in ihrer Urspr\u00fcnglichkeit zum Wohle der Allgemeinheit. Spa\u00df, Freude und Erfolg bei immer fischweidgerechtem Verhalten an den Ufern unserer Gew\u00e4sser wollen wir verbinden mit einem aktiven geselligen Vereinsleben.<br \/>\nWenn Sie beabsichtigen, die Fischereipr\u00fcfung erst abzulegen, so stehen wir Ihnen gerne mit Rat und Tat zur Seite. Jugendliche bis 18 Jahren d\u00fcrfen ohne Pr\u00fcfung mit fachkundiger Begleitung eines Vereinsmitglieds in unseren Gew\u00e4ssern angeln.<\/p>\n<h2>Die Beitr\u00e4ge und Besatzgelder<\/h2>\n<p>Der Vereinsbeitrag betr\u00e4gt f\u00fcr aktive wie passive Mitglieder 20,- \u20ac j\u00e4hrlich.<br \/>\nJahreserlaubnisscheine f\u00fcr Aktive (2 Handangeln) kosten 80,- \u20ac j\u00e4hrlich,<br \/>\nf\u00fcr Jungangler (1 Handangel) 40,- \u20ac j\u00e4hrlich.<br \/>\nEinmaliges Besatzgeld (Aufnahmegeb\u00fchr)<br \/>\n&#8211; f\u00fcr Aktive 150.- \u20ac,<br \/>\n&#8211; f\u00fcr Jungangler 50,- \u20ac.<br \/>\nBeim Wechsel vom Jungangler zum Aktiven (mit 18 Jahren) 100,- \u20ac.<\/p>\n<h2>Das Vereinsleben<\/h2>\n<p>Neben verschiedenen Gemeinschaftsangeln und Wettbewerben bis hin zum K\u00f6nigsangeln ist einer der Vereinsh\u00f6hepunkte das zweit\u00e4gige Fischfest im Juli. Anglertreffen und Stammtische in unserem Vereinsheim \u201cFischerpforte\u201c f\u00f6rdern das ganze Jahr die Zusammengeh\u00f6rigkeit der aktiven und passiven Mitglieder.<\/p>\n<p>Wir freuen uns \u00fcber neue, immer gut gelaunte naturverbundene Mitglieder.<\/p>\n<p>Petri Heil!<\/p>\n","protected":false},"excerpt":{"rendered":"<p>Unser Verein 1982 wurde der Verein als Gemeinschaft von\u00a0Anglerfreunden gegr\u00fcndet. Gegenw\u00e4rtig z\u00e4hlen wir 85 Mitglieder (Stand: 01.12.2022), davon sind 40 aktive Angler,37 passive Mitglieder und 8 Jungangler. Unser Verein ist Mitglied im Fischereiverband Unterfranken. Unsere Ziele Der Verein verfolgt ausschlie\u00dflich gemeinn\u00fctzige Zwecke. Diese liegen insbesondere im Schutz und in der Pflege der Natur, der Erhaltung [&hellip;]<\/p>\n","protected":false},"author":1,"featured_media":0,"parent":0,"menu_order":0,"comment_status":"closed","ping_status":"open","template":"","meta":{"footnotes":""},"class_list":["post-9","page","type-page","status-publish","hentry"],"_links":{"self":[{"href":"https:\/\/www.anglergemeinschaft-gd.de\/index.php?rest_route=\/wp\/v2\/pages\/9","targetHints":{"allow":["GET"]}}],"collection":[{"href":"https:\/\/www.anglergemeinschaft-gd.de\/index.php?rest_route=\/wp\/v2\/pages"}],"about":[{"href":"https:\/\/www.anglergemeinschaft-gd.de\/index.php?rest_route=\/wp\/v2\/types\/page"}],"author":[{"embeddable":true,"href":"https:\/\/www.anglergemeinschaft-gd.de\/index.php?rest_route=\/wp\/v2\/users\/1"}],"replies":[{"embeddable":true,"href":"https:\/\/www.anglergemeinschaft-gd.de\/index.php?rest_route=%2Fwp%2Fv2%2Fcomments&post=9"}],"version-history":[{"count":13,"href":"https:\/\/www.anglergemeinschaft-gd.de\/index.php?rest_route=\/wp\/v2\/pages\/9\/revisions"}],"predecessor-version":[{"id":4744,"href":"https:\/\/www.anglergemeinschaft-gd.de\/index.php?rest_route=\/wp\/v2\/pages\/9\/revisions\/4744"}],"wp:attachment":[{"href":"https:\/\/www.anglergemeinschaft-gd.de\/index.php?rest_route=%2Fwp%2Fv2%2Fmedia&parent=9"}],"curies":[{"name":"wp","href":"https:\/\/api.w.org\/{rel}","templated":true}]}}