{"id":37,"date":"2013-09-15T18:24:19","date_gmt":"2013-09-15T16:24:19","guid":{"rendered":"http:\/\/wordpress.anglergemeinschaft-gd.de\/?page_id=37"},"modified":"2024-01-18T17:55:46","modified_gmt":"2024-01-18T15:55:46","slug":"vorstandschaft","status":"publish","type":"page","link":"https:\/\/www.anglergemeinschaft-gd.de\/?page_id=37","title":{"rendered":"Vorstandschaft"},"content":{"rendered":"\n<p><strong><span style=\"color: #ff0000;\">1. Vorsitzender<\/span><\/strong><br><strong>Christian Scheiner<\/strong><br><a href=\"mailto:ch.scheiner@t-online.de\">ch.scheiner@t-online.de<\/a><br>Mobil: 0151 54738015<\/p>\n\n\n\n<p><span style=\"color: #ff0000;\"><strong>2. Vorsitzender<\/strong><\/span><br><strong>Moritz H\u00f6ger<\/strong><br><a href=\"mailto:moritz-hoeger@gmx.de\">moritz-hoeger@gmx.de<\/a><br>Mobil: 0152 31910267<\/p>\n\n\n\n<p><strong><span style=\"color: #ff0000;\">Schriftf\u00fchrer<\/span><\/strong><br><strong>Jennifer Nikol<\/strong><br><a href=\"mailto:jnikol42@gmail.com\">jnikol42@gmail.com<\/a><br>Mobil: 01522 1799566<\/p>\n\n\n\n<p><strong><span style=\"color: #ff0000;\">Kassier<\/span><\/strong><br><strong>Thomas Siepak<\/strong><br><a href=\"mailto:thomas.siepak@t-online.de\">thomas.siepak@t-online.de<\/a><br><span style=\"color: #000000;\">Mobil<\/span>: 0152 27185339<\/p>\n\n\n\n<p><strong><span style=\"color: #ff0000;\">Teichwarte + Kontrollbeauftragte<\/span><\/strong><br><strong>Felix Schneider<\/strong><br><a href=\"mailto:felix.uheim@gmx.de\">felix.uheim@gmx.de<\/a><br>Mobil: 0163 2940895<\/p>\n\n\n\n<p><br><strong>Klaus Gl\u00e4ser<\/strong><br><a href=\"mailto:pilzklaus@yahoo.de\">pilzklaus@yahoo.de<\/a><br>Mobil: 01511 4102660<\/p>\n\n\n\n<p class=\"has-text-align-left\"><strong><span style=\"color: #ff0000;\">H\u00fctten- und Ger\u00e4tewart<\/span><\/strong><br><strong><strong>Moritz H\u00f6ger<\/strong><br><\/strong><a href=\"mailto:moritz-hoeger@gmx.de\">moritz-hoeger@gmx.de<\/a><strong><br><\/strong>Mobil: 0152 31910267 <\/p>\n\n\n\n<p><strong><span style=\"color: #ff0000;\">Jugendwart<\/span><\/strong><br><strong>Stefan Denker<\/strong><br><a href=\"mailto:s.denker@icloud.com\">s.denker@icloud.com<\/a><br>Mobil: 0175 4434022<\/p>\n\n\n\n<p><br><strong>Alexander Siepak<\/strong><br><a href=\"mailto:alex-siepak89@gmx.de\">alex-siepak89@gmx.de<\/a><br>Mobil: 0155 10554741<\/p>\n\n\n\n<h5 class=\"wp-block-heading\"><em><span style=\"text-decoration: underline;\"><strong>Funktionstr\u00e4ger:<\/strong><\/span><\/em><\/h5>\n\n\n\n<p><span style=\"color: #ff0000;\"><strong>Kassenrevisor<\/strong><\/span><br><strong>G\u00fcnter Fuchs<\/strong><br><a href=\"mailto:guenterfuchs@aol.com\">guenterfuchs@aol.com<\/a><\/p>\n\n\n\n<p><span style=\"color: #ff0000;\"><strong>Kassenrevisor<\/strong><\/span><br><strong>Robert Orth<\/strong><\/p>\n\n\n\n<p><\/p>\n","protected":false},"excerpt":{"rendered":"<p>1. VorsitzenderChristian Scheinerch.scheiner@t-online.deMobil: 0151 54738015 2. VorsitzenderMoritz H\u00f6germoritz-hoeger@gmx.deMobil: 0152 31910267 Schriftf\u00fchrerJennifer Nikoljnikol42@gmail.comMobil: 01522 1799566 KassierThomas Siepakthomas.siepak@t-online.deMobil: 0152 27185339 Teichwarte + KontrollbeauftragteFelix Schneiderfelix.uheim@gmx.deMobil: 0163 2940895 Klaus Gl\u00e4serpilzklaus@yahoo.deMobil: 01511 4102660 H\u00fctten- und Ger\u00e4tewartMoritz H\u00f6germoritz-hoeger@gmx.deMobil: 0152 31910267 JugendwartStefan Denkers.denker@icloud.comMobil: 0175 4434022 Alexander Siepakalex-siepak89@gmx.deMobil: 0155 10554741 Funktionstr\u00e4ger: KassenrevisorG\u00fcnter Fuchsguenterfuchs@aol.com KassenrevisorRobert Orth<\/p>\n","protected":false},"author":1,"featured_media":0,"parent":9,"menu_order":0,"comment_status":"closed","ping_status":"open","template":"","meta":{"footnotes":""},"class_list":["post-37","page","type-page","status-publish","hentry"],"_links":{"self":[{"href":"https:\/\/www.anglergemeinschaft-gd.de\/index.php?rest_route=\/wp\/v2\/pages\/37","targetHints":{"allow":["GET"]}}],"collection":[{"href":"https:\/\/www.anglergemeinschaft-gd.de\/index.php?rest_route=\/wp\/v2\/pages"}],"about":[{"href":"https:\/\/www.anglergemeinschaft-gd.de\/index.php?rest_route=\/wp\/v2\/types\/page"}],"author":[{"embeddable":true,"href":"https:\/\/www.anglergemeinschaft-gd.de\/index.php?rest_route=\/wp\/v2\/users\/1"}],"replies":[{"embeddable":true,"href":"https:\/\/www.anglergemeinschaft-gd.de\/index.php?rest_route=%2Fwp%2Fv2%2Fcomments&post=37"}],"version-history":[{"count":44,"href":"https:\/\/www.anglergemeinschaft-gd.de\/index.php?rest_route=\/wp\/v2\/pages\/37\/revisions"}],"predecessor-version":[{"id":4781,"href":"https:\/\/www.anglergemeinschaft-gd.de\/index.php?rest_route=\/wp\/v2\/pages\/37\/revisions\/4781"}],"up":[{"embeddable":true,"href":"https:\/\/www.anglergemeinschaft-gd.de\/index.php?rest_route=\/wp\/v2\/pages\/9"}],"wp:attachment":[{"href":"https:\/\/www.anglergemeinschaft-gd.de\/index.php?rest_route=%2Fwp%2Fv2%2Fmedia&parent=37"}],"curies":[{"name":"wp","href":"https:\/\/api.w.org\/{rel}","templated":true}]}}