{"id":30,"date":"2013-09-15T17:51:19","date_gmt":"2013-09-15T15:51:19","guid":{"rendered":"http:\/\/wordpress.anglergemeinschaft-gd.de\/?page_id=30"},"modified":"2024-01-18T17:38:31","modified_gmt":"2024-01-18T15:38:31","slug":"impressum","status":"publish","type":"page","link":"https:\/\/www.anglergemeinschaft-gd.de\/?page_id=30","title":{"rendered":"Impressum"},"content":{"rendered":"<p><strong>Anglergemeinschaft Grettstadt D\u00fcrrfeld<\/strong><\/p>\n<p><strong>1. Vorsitzender<br \/>\n<\/strong>Christian Scheiner<br \/>\nMobil: 0151 54738015<\/p>\n<p>Registergericht: Amtsgericht Schweinfurt<br \/>\nRegisternummer: VR 795<br \/>\nSteuernummer: 249\/108\/80817<\/p>\n<p>Technisch Verantwortlicher: Alexander Nastold<\/p>\n<p>Trotz sorgf\u00e4ltiger inhaltlicher Kontrolle \u00fcbernehmen wir keine Haftung f\u00fcr die Inhalte externer Links. F\u00fcr den Inhalt der verlinkten Seiten sind ausschlie\u00dflich deren Betreiber verantwortlich. Alle hier verwendeten Namen, Begriffe, Zeichen und Grafiken k\u00f6nnen Marken- oder Warenzeichen im Besitze ihrer rechtlichen Eigent\u00fcmer sein. Die Rechte aller erw\u00e4hnten und benutzten Marken- und Warenzeichen liegen ausschlie\u00dflich bei deren Besitzern.<\/p>\n","protected":false},"excerpt":{"rendered":"<p>Anglergemeinschaft Grettstadt D\u00fcrrfeld 1. Vorsitzender Christian Scheiner Mobil: 0151 54738015 Registergericht: Amtsgericht Schweinfurt Registernummer: VR 795 Steuernummer: 249\/108\/80817 Technisch Verantwortlicher: Alexander Nastold Trotz sorgf\u00e4ltiger inhaltlicher Kontrolle \u00fcbernehmen wir keine Haftung f\u00fcr die Inhalte externer Links. F\u00fcr den Inhalt der verlinkten Seiten sind ausschlie\u00dflich deren Betreiber verantwortlich. Alle hier verwendeten Namen, Begriffe, Zeichen und Grafiken k\u00f6nnen [&hellip;]<\/p>\n","protected":false},"author":1,"featured_media":0,"parent":0,"menu_order":0,"comment_status":"closed","ping_status":"open","template":"","meta":{"footnotes":""},"class_list":["post-30","page","type-page","status-publish","hentry"],"_links":{"self":[{"href":"https:\/\/www.anglergemeinschaft-gd.de\/index.php?rest_route=\/wp\/v2\/pages\/30","targetHints":{"allow":["GET"]}}],"collection":[{"href":"https:\/\/www.anglergemeinschaft-gd.de\/index.php?rest_route=\/wp\/v2\/pages"}],"about":[{"href":"https:\/\/www.anglergemeinschaft-gd.de\/index.php?rest_route=\/wp\/v2\/types\/page"}],"author":[{"embeddable":true,"href":"https:\/\/www.anglergemeinschaft-gd.de\/index.php?rest_route=\/wp\/v2\/users\/1"}],"replies":[{"embeddable":true,"href":"https:\/\/www.anglergemeinschaft-gd.de\/index.php?rest_route=%2Fwp%2Fv2%2Fcomments&post=30"}],"version-history":[{"count":13,"href":"https:\/\/www.anglergemeinschaft-gd.de\/index.php?rest_route=\/wp\/v2\/pages\/30\/revisions"}],"predecessor-version":[{"id":4774,"href":"https:\/\/www.anglergemeinschaft-gd.de\/index.php?rest_route=\/wp\/v2\/pages\/30\/revisions\/4774"}],"wp:attachment":[{"href":"https:\/\/www.anglergemeinschaft-gd.de\/index.php?rest_route=%2Fwp%2Fv2%2Fmedia&parent=30"}],"curies":[{"name":"wp","href":"https:\/\/api.w.org\/{rel}","templated":true}]}}